{"id":140,"date":"2015-05-22T11:33:04","date_gmt":"2015-05-22T09:33:04","guid":{"rendered":"http:\/\/www.hv-gottwald.de\/HVG\/?page_id=140"},"modified":"2023-02-27T16:32:12","modified_gmt":"2023-02-27T15:32:12","slug":"ihre-angebotsanfrage-2","status":"publish","type":"page","link":"https:\/\/www.hv-gottwald.de\/HVG\/ihre-angebotsanfrage-2\/","title":{"rendered":"Ihre Angebotsanfrage"},"content":{"rendered":"<h3>Vielen Dank f\u00fcr Ihr Interesse an unseren Leistungen!<\/h3>\n<p>Bitte f\u00fcllen Sie das folgende Formular m\u00f6glichst vollst\u00e4ndig aus. Das vereinfacht uns das Erstellen eines auf\u00a0Ihre Bed\u00fcrfnisse abgestimmten Angebotes.<\/p>\n<p>Bei R\u00fcckfragen setzen wir uns nochmals mit Ihnen in Verbindung.<\/p>\n<p>Wie k\u00f6nnen wir Ihnen helfen?<\/p>\n<p><sub>Die Felder, die mit einem <span style=\"color: #ff0000;\">*<\/span> gekennzeichnet sind, m\u00fcssen ausgef\u00fcllt werden&#8230;<\/sub><\/p>\n<div class=\"wpforms-container wpforms-container-full\" id=\"wpforms-618\"><form id=\"wpforms-form-618\" class=\"wpforms-validate wpforms-form wpforms-ajax-form\" data-formid=\"618\" method=\"post\" enctype=\"multipart\/form-data\" action=\"\/HVG\/wp-json\/wp\/v2\/pages\/140\" data-token=\"a98cf400f52657b2fb8dc0c147f422cd\" data-token-time=\"1777408236\"><noscript class=\"wpforms-error-noscript\">Bitte aktiviere JavaScript in deinem Browser, um dieses Formular fertigzustellen.<\/noscript><div class=\"wpforms-field-container\"><div id=\"wpforms-618-field_1-container\" class=\"wpforms-field wpforms-field-radio wpforms-list-inline\" data-field-id=\"1\"><label class=\"wpforms-field-label\">Was d\u00fcrfen wir Ihnen anbieten? <span class=\"wpforms-required-label\">*<\/span><\/label><ul id=\"wpforms-618-field_1\" class=\"wpforms-field-required\"><li class=\"choice-1 depth-1\"><input type=\"radio\" id=\"wpforms-618-field_1_1\" name=\"wpforms[fields][1]\" value=\"WEG-Verwaltung\" required ><label class=\"wpforms-field-label-inline\" for=\"wpforms-618-field_1_1\">WEG-Verwaltung<\/label><\/li><li class=\"choice-2 depth-1\"><input type=\"radio\" id=\"wpforms-618-field_1_2\" name=\"wpforms[fields][1]\" value=\"Mietverwaltung\" required ><label class=\"wpforms-field-label-inline\" for=\"wpforms-618-field_1_2\">Mietverwaltung<\/label><\/li><li class=\"choice-3 depth-1\"><input type=\"radio\" id=\"wpforms-618-field_1_3\" name=\"wpforms[fields][1]\" value=\"Sondereigentumsverwaltung\" required ><label class=\"wpforms-field-label-inline\" for=\"wpforms-618-field_1_3\">Sondereigentumsverwaltung<\/label><\/li><li class=\"choice-4 depth-1\"><input type=\"radio\" id=\"wpforms-618-field_1_4\" name=\"wpforms[fields][1]\" value=\"Abrechnung ohne Verwaltung\" required ><label class=\"wpforms-field-label-inline\" for=\"wpforms-618-field_1_4\">Abrechnung ohne Verwaltung<\/label><\/li><\/ul><div class=\"wpforms-field-description\">Bitte beachten Sie, dass wir die Sondereigentumsverwaltung nur in Liegenschaften anbieten, die wir bereits in der WEG-Verwaltung haben.<\/div><\/div><div id=\"wpforms-618-field_2-container\" class=\"wpforms-field wpforms-field-name\" data-field-id=\"2\"><label class=\"wpforms-field-label\" for=\"wpforms-618-field_2\">Ihr Name <span class=\"wpforms-required-label\">*<\/span><\/label><div class=\"wpforms-field-row wpforms-field-medium\"><div class=\"wpforms-field-row-block wpforms-first wpforms-one-half\"><input type=\"text\" id=\"wpforms-618-field_2\" class=\"wpforms-field-name-first wpforms-field-required\" name=\"wpforms[fields][2][first]\" placeholder=\"Vorname\" required><label for=\"wpforms-618-field_2\" class=\"wpforms-field-sublabel after wpforms-sublabel-hide\">Vorname<\/label><\/div><div class=\"wpforms-field-row-block wpforms-one-half\"><input type=\"text\" id=\"wpforms-618-field_2-last\" class=\"wpforms-field-name-last wpforms-field-required\" name=\"wpforms[fields][2][last]\" placeholder=\"Nachname\" required><label for=\"wpforms-618-field_2-last\" class=\"wpforms-field-sublabel after wpforms-sublabel-hide\">Nachname<\/label><\/div><\/div><\/div><div id=\"wpforms-618-field_6-container\" class=\"wpforms-field wpforms-field-text\" data-field-id=\"6\"><label class=\"wpforms-field-label\" for=\"wpforms-618-field_6\">Ihre Kontaktdaten <span class=\"wpforms-required-label\">*<\/span><\/label><input type=\"text\" id=\"wpforms-618-field_6\" class=\"wpforms-field-medium wpforms-field-required\" name=\"wpforms[fields][6]\" placeholder=\"Stra\u00dfe mit Hausnummer\" required><\/div><div id=\"wpforms-618-field_7-container\" class=\"wpforms-field wpforms-field-text\" data-field-id=\"7\"><label class=\"wpforms-field-label wpforms-label-hide\" for=\"wpforms-618-field_7\">Postleitzahl und Ort <span class=\"wpforms-required-label\">*<\/span><\/label><input type=\"text\" id=\"wpforms-618-field_7\" class=\"wpforms-field-medium wpforms-field-required\" name=\"wpforms[fields][7]\" placeholder=\"Postleitzahl und Ort\" required><\/div><div id=\"wpforms-618-field_8-container\" class=\"wpforms-field wpforms-field-number\" data-field-id=\"8\"><label class=\"wpforms-field-label wpforms-label-hide\" for=\"wpforms-618-field_8\">Telefonnummer <span class=\"wpforms-required-label\">*<\/span><\/label><input type=\"number\" id=\"wpforms-618-field_8\" class=\"wpforms-field-medium wpforms-field-required\" name=\"wpforms[fields][8]\" placeholder=\"Telefonnummer\" step=\"any\" required><\/div><div id=\"wpforms-618-field_9-container\" class=\"wpforms-field wpforms-field-email\" data-field-id=\"9\"><label class=\"wpforms-field-label wpforms-label-hide\" for=\"wpforms-618-field_9\">E-Mail <span class=\"wpforms-required-label\">*<\/span><\/label><input type=\"email\" id=\"wpforms-618-field_9\" class=\"wpforms-field-medium wpforms-field-required\" name=\"wpforms[fields][9]\" placeholder=\"E-Mail\" spellcheck=\"false\" required><\/div><div id=\"wpforms-618-field_10-container\" class=\"wpforms-field wpforms-field-text\" data-field-id=\"10\"><label class=\"wpforms-field-label\" for=\"wpforms-618-field_10\">Angaben zur Liegenschaft <span class=\"wpforms-required-label\">*<\/span><\/label><input type=\"text\" id=\"wpforms-618-field_10\" class=\"wpforms-field-medium wpforms-field-required\" name=\"wpforms[fields][10]\" placeholder=\"Stra\u00dfe mit Hausnummer\" required><\/div><div id=\"wpforms-618-field_11-container\" class=\"wpforms-field wpforms-field-text\" data-field-id=\"11\"><label class=\"wpforms-field-label wpforms-label-hide\" for=\"wpforms-618-field_11\">Postleitzahl und Ort <span class=\"wpforms-required-label\">*<\/span><\/label><input type=\"text\" id=\"wpforms-618-field_11\" class=\"wpforms-field-medium wpforms-field-required\" name=\"wpforms[fields][11]\" placeholder=\"Postleitzahl und Ort\" required><\/div><div id=\"wpforms-618-field_12-container\" class=\"wpforms-field wpforms-field-textarea\" data-field-id=\"12\"><label class=\"wpforms-field-label wpforms-label-hide\" for=\"wpforms-618-field_12\">Nachricht <span class=\"wpforms-required-label\">*<\/span><\/label><textarea id=\"wpforms-618-field_12\" class=\"wpforms-field-medium wpforms-field-required\" name=\"wpforms[fields][12]\" placeholder=\"Ihre Nachricht an uns (Einzelheiten zum Objekt, Ihre W\u00fcnsche etc.)\" required><\/textarea><\/div><div id=\"wpforms-618-field_13-container\" class=\"wpforms-field wpforms-field-checkbox\" data-field-id=\"13\"><label class=\"wpforms-field-label wpforms-label-hide\">Zustimmung zur Datenschutzerkl\u00e4rung <span class=\"wpforms-required-label\">*<\/span><\/label><ul id=\"wpforms-618-field_13\" class=\"wpforms-field-required\"><li class=\"choice-1 depth-1\"><input type=\"checkbox\" id=\"wpforms-618-field_13_1\" name=\"wpforms[fields][13][]\" value=\"Mir ist bekannt, dass meine oben eingegebenen Daten im Sinn der Datenschutzerkl\u00e4rung, die ich zur Kenntnis genommen habe, erhoben und verarbeitet werden.\" required ><label class=\"wpforms-field-label-inline\" for=\"wpforms-618-field_13_1\">Mir ist bekannt, dass meine oben eingegebenen Daten im Sinn der Datenschutzerkl\u00e4rung, die ich zur Kenntnis genommen habe, erhoben und verarbeitet werden.<\/label><\/li><\/ul><\/div><\/div><!-- .wpforms-field-container --><div class=\"wpforms-submit-container\" ><input type=\"hidden\" name=\"wpforms[id]\" value=\"618\"><input type=\"hidden\" name=\"page_title\" value=\"\"><input type=\"hidden\" name=\"page_url\" value=\"https:\/\/www.hv-gottwald.de\/HVG\/wp-json\/wp\/v2\/pages\/140\"><input type=\"hidden\" name=\"url_referer\" value=\"\"><button type=\"submit\" name=\"wpforms[submit]\" id=\"wpforms-submit-618\" class=\"wpforms-submit\" data-alt-text=\"Senden\u2026\" data-submit-text=\"Absenden\" aria-live=\"assertive\" value=\"wpforms-submit\">Absenden<\/button><img loading=\"lazy\" decoding=\"async\" src=\"https:\/\/www.hv-gottwald.de\/HVG\/wp-content\/plugins\/wpforms-lite\/assets\/images\/submit-spin.svg\" class=\"wpforms-submit-spinner\" style=\"display: none;\" width=\"26\" height=\"26\" alt=\"Wird geladen\"><\/div><\/form><\/div>  <!-- .wpforms-container -->\n","protected":false},"excerpt":{"rendered":"<p>Vielen Dank f\u00fcr Ihr Interesse an unseren Leistungen! Bitte f\u00fcllen Sie das folgende Formular m\u00f6glichst vollst\u00e4ndig aus. Das vereinfacht uns das Erstellen eines auf\u00a0Ihre Bed\u00fcrfnisse abgestimmten Angebotes. Bei R\u00fcckfragen setzen wir uns nochmals mit Ihnen in Verbindung. Wie k\u00f6nnen wir Ihnen helfen? Die Felder, die mit einem * gekennzeichnet sind, m\u00fcssen ausgef\u00fcllt werden&#8230;<\/p>\n","protected":false},"author":1,"featured_media":0,"parent":0,"menu_order":0,"comment_status":"closed","ping_status":"closed","template":"","meta":{"footnotes":""},"class_list":["post-140","page","type-page","status-publish","hentry"],"_links":{"self":[{"href":"https:\/\/www.hv-gottwald.de\/HVG\/wp-json\/wp\/v2\/pages\/140","targetHints":{"allow":["GET"]}}],"collection":[{"href":"https:\/\/www.hv-gottwald.de\/HVG\/wp-json\/wp\/v2\/pages"}],"about":[{"href":"https:\/\/www.hv-gottwald.de\/HVG\/wp-json\/wp\/v2\/types\/page"}],"author":[{"embeddable":true,"href":"https:\/\/www.hv-gottwald.de\/HVG\/wp-json\/wp\/v2\/users\/1"}],"replies":[{"embeddable":true,"href":"https:\/\/www.hv-gottwald.de\/HVG\/wp-json\/wp\/v2\/comments?post=140"}],"version-history":[{"count":4,"href":"https:\/\/www.hv-gottwald.de\/HVG\/wp-json\/wp\/v2\/pages\/140\/revisions"}],"predecessor-version":[{"id":624,"href":"https:\/\/www.hv-gottwald.de\/HVG\/wp-json\/wp\/v2\/pages\/140\/revisions\/624"}],"wp:attachment":[{"href":"https:\/\/www.hv-gottwald.de\/HVG\/wp-json\/wp\/v2\/media?parent=140"}],"curies":[{"name":"wp","href":"https:\/\/api.w.org\/{rel}","templated":true}]}}