{"id":15,"date":"2015-04-02T11:57:41","date_gmt":"2015-04-02T09:57:41","guid":{"rendered":"http:\/\/www.hv-gottwald.de\/HVG\/?page_id=15"},"modified":"2023-03-21T09:07:14","modified_gmt":"2023-03-21T08:07:14","slug":"mietverwaltung","status":"publish","type":"page","link":"https:\/\/www.hv-gottwald.de\/HVG\/unsere-leistungen\/mietverwaltung\/","title":{"rendered":"Mietverwaltung"},"content":{"rendered":"<table style=\"border-color: #ffffff;\" border=\"0\">\n<tbody>\n<tr>\n<td style=\"width: 200px;\"><a href=\"http:\/\/www.hv-gottwald.de\/HVG\/wp-content\/uploads\/2015\/05\/miet1.jpg\"><br \/>\n<img loading=\"lazy\" decoding=\"async\" class=\" wp-image-236 aligncenter\" src=\"http:\/\/www.hv-gottwald.de\/HVG\/wp-content\/uploads\/2015\/05\/miet1.jpg\" alt=\"miet1\" width=\"100\" height=\"150\"><\/a><\/td>\n<td style=\"vertical-align: top;\">\n<h5>&nbsp;<\/h5>\n<h5>Wir m\u00f6chten Ihnen als Eigent\u00fcmer eines Mehrparteienhauses gerne unsere Leistungen vorstellen und Ihnen zeigen, wie wir Sie bei der Verwaltung ihres vermieteten Hauses unterst\u00fctzen k\u00f6nnen:<\/h5>\n<p>&nbsp;<\/p>\n<p>&nbsp;<\/td>\n<\/tr>\n<\/tbody>\n<\/table>\n<p>&nbsp;<\/p>\n<hr>\n<p><strong>Vermietung:<\/strong><br \/>\n&#8211; Mieterauswahl aus den Interessenten (in Absprache mit dem Eigent\u00fcmer)<br \/>\n&#8211; Abschluss von Mietvertr\u00e4gen&nbsp;<br \/>\n&#8211; Wohnungsabnahme und -\u00fcbergabe<\/p>\n<p><strong>Kaufm\u00e4nnische Verwaltung:<\/strong><br \/>\n&#8211; laufende Buchhaltung (Kontrolle der Mietzahlungen)<br \/>\n&#8211; Jahresabrechnung zur Weitergabe an Ihren Steuerberater<br \/>\n&#8211; Durchf\u00fchrung des gerichtlichen Mahnverfahrens<br \/>\n&#8211; Durchf\u00fchrung von Mieterh\u00f6hungen<br \/>\n&#8211; Erstellen der Betriebskostenabrechnungen<br \/>\n&#8211; \u00dcberwachung und Optimierung von objektbezogenen Vertr\u00e4gen<br \/>\n&#8211; Abwicklung des gesamten Schriftverkehrs mit Beh\u00f6rden, Handwerkern, Versicherungen<\/p>\n<p><strong>Technische Verwaltung:<\/strong><br \/>\n&#8211; Beauftragung von Handwerkern<br \/>\n&#8211; \u00dcberwachung des Objektzustandes<br \/>\n&#8211; Einholung von Angeboten<br \/>\n&#8211; Abwicklung von Versicherungssch\u00e4den<\/p>\n<hr>\n<p>Gerne unterbreiten wir Ihnen ein auf Ihre individuellen Bed\u00fcrfnisse zugeschnittenes Angebot.<\/p>\n<p>Sie&nbsp;k\u00f6nnen uns gerne Ihre Anfrage senden indem Sie <a href=\"http:\/\/www.hv-gottwald.de\/HVG\/?page_id=140\">hier klicken <\/a><img loading=\"lazy\" decoding=\"async\" class=\"alignnone size-full wp-image-293\" src=\"http:\/\/www.hv-gottwald.de\/HVG\/wp-content\/uploads\/2015\/06\/letter20x20.png\" alt=\"letter20x20\" width=\"20\" height=\"20\">.<br \/>\nSelbstverst\u00e4ndlich nehmen wir Ihre Anfrage aber auch gerne am Telefon entgegen.<\/p>\n<p>Sollten Sie lediglich an der allj\u00e4hrlichen Erstellung der Betriebskostenabrechnung f\u00fcr Ihre Mieter interessiert sein, k\u00f6nnen wir Ihnen auch in diesem Fall gerne weiterhelfen.<\/p>\n","protected":false},"excerpt":{"rendered":"<p>&nbsp; Wir m\u00f6chten Ihnen als Eigent\u00fcmer eines Mehrparteienhauses gerne unsere Leistungen vorstellen und Ihnen zeigen, wie wir Sie bei der Verwaltung ihres vermieteten Hauses unterst\u00fctzen k\u00f6nnen: &nbsp; &nbsp; &nbsp; Vermietung: &#8211; Mieterauswahl aus den Interessenten (in Absprache mit dem Eigent\u00fcmer) &#8211; Abschluss von Mietvertr\u00e4gen&nbsp; &#8211; Wohnungsabnahme und -\u00fcbergabe Kaufm\u00e4nnische Verwaltung: &#8211; laufende Buchhaltung (Kontrolle der Mietzahlungen) &#8211; Jahresabrechnung zur Weitergabe [&#8230;]<\/p>\n","protected":false},"author":1,"featured_media":0,"parent":131,"menu_order":2,"comment_status":"closed","ping_status":"open","template":"","meta":{"footnotes":""},"class_list":["post-15","page","type-page","status-publish","hentry"],"_links":{"self":[{"href":"https:\/\/www.hv-gottwald.de\/HVG\/wp-json\/wp\/v2\/pages\/15","targetHints":{"allow":["GET"]}}],"collection":[{"href":"https:\/\/www.hv-gottwald.de\/HVG\/wp-json\/wp\/v2\/pages"}],"about":[{"href":"https:\/\/www.hv-gottwald.de\/HVG\/wp-json\/wp\/v2\/types\/page"}],"author":[{"embeddable":true,"href":"https:\/\/www.hv-gottwald.de\/HVG\/wp-json\/wp\/v2\/users\/1"}],"replies":[{"embeddable":true,"href":"https:\/\/www.hv-gottwald.de\/HVG\/wp-json\/wp\/v2\/comments?post=15"}],"version-history":[{"count":21,"href":"https:\/\/www.hv-gottwald.de\/HVG\/wp-json\/wp\/v2\/pages\/15\/revisions"}],"predecessor-version":[{"id":633,"href":"https:\/\/www.hv-gottwald.de\/HVG\/wp-json\/wp\/v2\/pages\/15\/revisions\/633"}],"up":[{"embeddable":true,"href":"https:\/\/www.hv-gottwald.de\/HVG\/wp-json\/wp\/v2\/pages\/131"}],"wp:attachment":[{"href":"https:\/\/www.hv-gottwald.de\/HVG\/wp-json\/wp\/v2\/media?parent=15"}],"curies":[{"name":"wp","href":"https:\/\/api.w.org\/{rel}","templated":true}]}}