{"id":17,"date":"2015-04-02T11:58:00","date_gmt":"2015-04-02T09:58:00","guid":{"rendered":"http:\/\/www.hv-gottwald.de\/HVG\/?page_id=17"},"modified":"2023-03-21T09:05:58","modified_gmt":"2023-03-21T08:05:58","slug":"sondereigentumsverwaltung","status":"publish","type":"page","link":"https:\/\/www.hv-gottwald.de\/HVG\/unsere-leistungen\/sondereigentumsverwaltung\/","title":{"rendered":"Sondereigentumsverwaltung"},"content":{"rendered":"<table style=\"border-color: #ffffff;\" border=\"0\">\n<tbody>\n<tr>\n<td style=\"width: 200px;\"><span style=\"font-size: 20px;\"><a href=\"http:\/\/www.hv-gottwald.de\/HVG\/wp-content\/uploads\/2015\/05\/sonder1.jpg\"><br \/>\n<img loading=\"lazy\" decoding=\"async\" class=\" wp-image-237 aligncenter\" src=\"http:\/\/www.hv-gottwald.de\/HVG\/wp-content\/uploads\/2015\/05\/sonder1.jpg\" alt=\"sonder1\" width=\"100\" height=\"150\" \/><\/a><\/span><\/td>\n<td style=\"vertical-align: top;\">\n<h5><\/h5>\n<h5>Wir m\u00f6chten Ihnen als Eigent\u00fcmer einer vermieteten Eigentumswohnung gerne zeigen, wie wir Ihnen bei der t\u00e4glichen Arbeit helfen und Sie entlasten k\u00f6nnen:<\/h5>\n<\/td>\n<\/tr>\n<\/tbody>\n<\/table>\n<hr \/>\n<p><strong>Vermietung:<\/strong><br \/>\n&#8211; Mietersuche und Mieterauswahl (in Absprache mit dem Eigent\u00fcmer)<br \/>\n&#8211; Abschluss von Mietvertr\u00e4gen<br \/>\n&#8211; Wohnungsabnahme und -\u00fcbergabe<\/p>\n<p><strong>Kaufm\u00e4nnische Verwaltung:<\/strong><br \/>\n&#8211; laufende Buchhaltung (Kontrolle der Mietzahlungen)<br \/>\n&#8211; Jahresabrechnung zur Weitergabe an Ihren Steuerberater<br \/>\n&#8211; Durchf\u00fchrung des gerichtlichen Mahnverfahrens<br \/>\n&#8211; Durchf\u00fchrung von Mieterh\u00f6hungen<br \/>\n&#8211; Erstellen der Betriebskostenabrechnungen<br \/>\n&#8211; Abwicklung des gesamten Schriftverkehrs mit Beh\u00f6rden, Handwerkern, Versicherungen<\/p>\n<p><strong>Technische Verwaltung:<\/strong><br \/>\n&#8211; Beauftragung von Handwerkern<br \/>\n&#8211; \u00dcberwachung des Objektzustandes<br \/>\n&#8211; Einholung von Angeboten<\/p>\n<hr \/>\n<p>Wenn Sie weiter Informationen ben\u00f6tigen oder wenn wir Ihnen ein Angebot zusenden d\u00fcrfen, sprechen Sie uns an: <a href=\"http:\/\/www.hv-gottwald.de\/HVG\/?page_id=140\">Klicken Sie bitte hier\u00a0<\/a><img loading=\"lazy\" decoding=\"async\" class=\"alignnone size-full wp-image-293\" src=\"http:\/\/www.hv-gottwald.de\/HVG\/wp-content\/uploads\/2015\/06\/letter20x20.png\" alt=\"letter20x20\" width=\"20\" height=\"20\" \/><\/p>\n","protected":false},"excerpt":{"rendered":"<p>Wir m\u00f6chten Ihnen als Eigent\u00fcmer einer vermieteten Eigentumswohnung gerne zeigen, wie wir Ihnen bei der t\u00e4glichen Arbeit helfen und Sie entlasten k\u00f6nnen: Vermietung: &#8211; Mietersuche und Mieterauswahl (in Absprache mit dem Eigent\u00fcmer) &#8211; Abschluss von Mietvertr\u00e4gen &#8211; Wohnungsabnahme und -\u00fcbergabe Kaufm\u00e4nnische Verwaltung: &#8211; laufende Buchhaltung (Kontrolle der Mietzahlungen) &#8211; Jahresabrechnung zur Weitergabe an Ihren Steuerberater &#8211; Durchf\u00fchrung des gerichtlichen Mahnverfahrens [&#8230;]<\/p>\n","protected":false},"author":1,"featured_media":0,"parent":131,"menu_order":3,"comment_status":"closed","ping_status":"open","template":"","meta":{"footnotes":""},"class_list":["post-17","page","type-page","status-publish","hentry"],"_links":{"self":[{"href":"https:\/\/www.hv-gottwald.de\/HVG\/wp-json\/wp\/v2\/pages\/17","targetHints":{"allow":["GET"]}}],"collection":[{"href":"https:\/\/www.hv-gottwald.de\/HVG\/wp-json\/wp\/v2\/pages"}],"about":[{"href":"https:\/\/www.hv-gottwald.de\/HVG\/wp-json\/wp\/v2\/types\/page"}],"author":[{"embeddable":true,"href":"https:\/\/www.hv-gottwald.de\/HVG\/wp-json\/wp\/v2\/users\/1"}],"replies":[{"embeddable":true,"href":"https:\/\/www.hv-gottwald.de\/HVG\/wp-json\/wp\/v2\/comments?post=17"}],"version-history":[{"count":14,"href":"https:\/\/www.hv-gottwald.de\/HVG\/wp-json\/wp\/v2\/pages\/17\/revisions"}],"predecessor-version":[{"id":632,"href":"https:\/\/www.hv-gottwald.de\/HVG\/wp-json\/wp\/v2\/pages\/17\/revisions\/632"}],"up":[{"embeddable":true,"href":"https:\/\/www.hv-gottwald.de\/HVG\/wp-json\/wp\/v2\/pages\/131"}],"wp:attachment":[{"href":"https:\/\/www.hv-gottwald.de\/HVG\/wp-json\/wp\/v2\/media?parent=17"}],"curies":[{"name":"wp","href":"https:\/\/api.w.org\/{rel}","templated":true}]}}