{"id":46,"date":"2015-05-03T22:21:42","date_gmt":"2015-05-03T20:21:42","guid":{"rendered":"http:\/\/www.hv-gottwald.de\/HVG\/?page_id=46"},"modified":"2015-06-22T08:59:48","modified_gmt":"2015-06-22T06:59:48","slug":"abrechnungen","status":"publish","type":"page","link":"https:\/\/www.hv-gottwald.de\/HVG\/unsere-leistungen\/abrechnungen\/","title":{"rendered":"Abrechnungen"},"content":{"rendered":"<table style=\"border-color: #ffffff;\" border=\"0\">\n<tbody>\n<tr>\n<td style=\"width: 200px;\"><a href=\"http:\/\/www.hv-gottwald.de\/HVG\/wp-content\/uploads\/2015\/05\/abre1.jpg\"><br \/><\/a><a href=\"http:\/\/www.hv-gottwald.de\/HVG\/wp-content\/uploads\/2015\/05\/abre1.jpg\"><img loading=\"lazy\" decoding=\"async\" class=\"aligncenter wp-image-235\" src=\"http:\/\/www.hv-gottwald.de\/HVG\/wp-content\/uploads\/2015\/05\/abre1.jpg\" alt=\"abre1\" width=\"100\" height=\"150\" \/><\/a><\/td>\n<td style=\"vertical-align: middle;\">\n<h5>\u00a0<\/h5>\n<h5>Wir m\u00f6chten Ihnen gerne zeigen, wie wir Ihnen helfen k\u00f6nnen, auch wenn Sie die Verwaltung Ihres Mehrparteienhauses selbst weiterhin \u00fcbernehmen m\u00f6chten, aber Hilfe bei der Abrechnung ben\u00f6tigen:<\/h5>\n<p>&nbsp;<\/p>\n<p>&nbsp;<\/p>\n<\/td>\n<\/tr>\n<\/tbody>\n<\/table>\n<p>&nbsp;<\/p>\n<hr \/>\n<p>Wir erstellen f\u00fcr Sie\u00a0<\/p>\n<ul>\n<li>die Betriebskostenabrechnung<\/li>\n<li>die Heizkostenabrechnung<\/li>\n<li>\u00dcbersch\u00fcsse aus Vermietung und Verpachtung (f\u00fcr Ihre Steuererkl\u00e4rung)<\/li>\n<\/ul>\n<p>auf Basis der von Ihnen zur Verf\u00fcgung gestellten Unterlagen.<\/p>\n<p>&nbsp;<\/p>\n<p>Auf Wunsch erhalten Sie zu Ihrer Orientierung vorab eine Checkliste der ben\u00f6tigten Akten.<\/p>\n<hr \/>\n<p>&nbsp;<\/p>\n<p>Um ein Angebot zu erhalten oder noch offene Fragen zu stellen, <a href=\"http:\/\/www.hv-gottwald.de\/HVG\/?page_id=140\">klicken Sie bitte hier <\/a><img loading=\"lazy\" decoding=\"async\" class=\"alignnone size-full wp-image-293\" src=\"http:\/\/www.hv-gottwald.de\/HVG\/wp-content\/uploads\/2015\/06\/letter20x20.png\" alt=\"letter20x20\" width=\"20\" height=\"20\" \/>.<\/p>\n","protected":false},"excerpt":{"rendered":"<p>\u00a0 Wir m\u00f6chten Ihnen gerne zeigen, wie wir Ihnen helfen k\u00f6nnen, auch wenn Sie die Verwaltung Ihres Mehrparteienhauses selbst weiterhin \u00fcbernehmen m\u00f6chten, aber Hilfe bei der Abrechnung ben\u00f6tigen: &nbsp; &nbsp; &nbsp; Wir erstellen f\u00fcr Sie\u00a0 die Betriebskostenabrechnung die Heizkostenabrechnung \u00dcbersch\u00fcsse aus Vermietung und Verpachtung (f\u00fcr Ihre Steuererkl\u00e4rung) auf Basis der von Ihnen zur Verf\u00fcgung gestellten Unterlagen. &nbsp; Auf Wunsch erhalten [&#8230;]<\/p>\n","protected":false},"author":2,"featured_media":0,"parent":131,"menu_order":4,"comment_status":"closed","ping_status":"closed","template":"","meta":{"footnotes":""},"class_list":["post-46","page","type-page","status-publish","hentry"],"_links":{"self":[{"href":"https:\/\/www.hv-gottwald.de\/HVG\/wp-json\/wp\/v2\/pages\/46","targetHints":{"allow":["GET"]}}],"collection":[{"href":"https:\/\/www.hv-gottwald.de\/HVG\/wp-json\/wp\/v2\/pages"}],"about":[{"href":"https:\/\/www.hv-gottwald.de\/HVG\/wp-json\/wp\/v2\/types\/page"}],"author":[{"embeddable":true,"href":"https:\/\/www.hv-gottwald.de\/HVG\/wp-json\/wp\/v2\/users\/2"}],"replies":[{"embeddable":true,"href":"https:\/\/www.hv-gottwald.de\/HVG\/wp-json\/wp\/v2\/comments?post=46"}],"version-history":[{"count":14,"href":"https:\/\/www.hv-gottwald.de\/HVG\/wp-json\/wp\/v2\/pages\/46\/revisions"}],"predecessor-version":[{"id":328,"href":"https:\/\/www.hv-gottwald.de\/HVG\/wp-json\/wp\/v2\/pages\/46\/revisions\/328"}],"up":[{"embeddable":true,"href":"https:\/\/www.hv-gottwald.de\/HVG\/wp-json\/wp\/v2\/pages\/131"}],"wp:attachment":[{"href":"https:\/\/www.hv-gottwald.de\/HVG\/wp-json\/wp\/v2\/media?parent=46"}],"curies":[{"name":"wp","href":"https:\/\/api.w.org\/{rel}","templated":true}]}}