{"id":51,"date":"2015-05-03T22:16:37","date_gmt":"2015-05-03T20:16:37","guid":{"rendered":"http:\/\/www.hv-gottwald.de\/HVG\/?page_id=51"},"modified":"2015-06-22T08:52:21","modified_gmt":"2015-06-22T06:52:21","slug":"weg-verwaltung","status":"publish","type":"page","link":"https:\/\/www.hv-gottwald.de\/HVG\/unsere-leistungen\/weg-verwaltung\/","title":{"rendered":"WEG-Verwaltung"},"content":{"rendered":"<table style=\"border-color: #ffffff;\" border=\"0\">\n<tbody>\n<tr>\n<td style=\"width: 200px; text-align: center; vertical-align: middle;\"><a href=\"http:\/\/www.hv-gottwald.de\/HVG\/wp-content\/uploads\/2015\/05\/weg1.jpg\"><br \/><\/a><a href=\"http:\/\/www.hv-gottwald.de\/HVG\/wp-content\/uploads\/2015\/05\/weg1.jpg\"><img loading=\"lazy\" decoding=\"async\" class=\"alignnone wp-image-233\" src=\"http:\/\/www.hv-gottwald.de\/HVG\/wp-content\/uploads\/2015\/05\/weg1.jpg\" alt=\"weg1\" width=\"100\" height=\"150\" \/><\/a><\/td>\n<td style=\"vertical-align: top;\">\n<h5>\u00a0<\/h5>\n<h5>Wir m\u00f6chten uns gerne bei Ihnen vorstellen.<\/h5>\n<h5>Deshalb zeigen wir Ihnen hier einen \u00dcberblick \u00fcber die\u00a0Leistungen, auf die Sie bei uns vertrauen d\u00fcrfen:<\/h5>\n<p>&nbsp;<\/p>\n<p>&nbsp;<\/p>\n<\/td>\n<\/tr>\n<\/tbody>\n<\/table>\n<p>&nbsp;<\/p>\n<hr \/>\n<p><strong>Allgemeine Verwaltung:<\/strong><\/p>\n<ul>\n<li>Betreuung und Beratung der Wohnungseigent\u00fcmer<\/li>\n<li>Vorbereitung und Durchf\u00fchrung der Wohnungseigent\u00fcmerversammlung<\/li>\n<li>Abwicklung des gesamten Schriftverkehrs mit Beh\u00f6rden, Handwerkern, Versicherungen<\/li>\n<\/ul>\n<p>&nbsp;<\/p>\n<p><strong>juristische Verwaltung:<\/strong><\/p>\n<ul>\n<li>Abschluss der gemeinschaftlichen Vertr\u00e4ge inklusive Pr\u00fcfung hinsichtlich Kostenoptimierung<\/li>\n<li>Vertragsk\u00fcndigungen<\/li>\n<li>Einleitung von gerichtlichen Mahnverfahren gegen s\u00e4umige Miteigent\u00fcmer<\/li>\n<\/ul>\n<p>&nbsp;<\/p>\n<p><strong>kaufm\u00e4nnische Verwaltung<\/strong>:<\/p>\n<ul>\n<li>F\u00fchrung der Konten der Wohnungseigent\u00fcmergemeinschaft<\/li>\n<li>Abwicklung des gesamten Zahlungsverkehrs<\/li>\n<li>laufende Buchhaltung<\/li>\n<li>Lohnbuchhaltung f\u00fcr angestellte Hausmeister (u.a. Minijobs)<\/li>\n<li>Erstellung der Hausgeldabrechnungen<\/li>\n<li>Erstellung des Wirtschaftsplanes<\/li>\n<\/ul>\n<p><strong><br \/> technische Verwaltung:<\/strong><\/p>\n<ul>\n<li>Beauftragung von laufenden Instandsetzungsma\u00dfnahmen<\/li>\n<li>Einholung von Angeboten<\/li>\n<li>Abwicklung von Versicherungssch\u00e4den<\/li>\n<li>\u00dcberwachung des Objektzustandes<\/li>\n<li>Beauftragung von Hausmeister- oder Reinigungsdiensten<\/li>\n<\/ul>\n<hr \/>\n<p>Wenn Ihnen etwas gefehlt hat und Sie weitere Informationen ben\u00f6tigen, dann sprechen Sie uns an. <br \/>Wir senden Ihnen gerne unseren kompletten Leistungskatalog zu.<\/p>\n<p>Wenn Sie gleich ein Angebot von uns erhalten m\u00f6chten, dann schreiben Sie uns: <a href=\"http:\/\/www.hv-gottwald.de\/HVG\/?page_id=140\">bitte klicken Sie hier\u00a0<\/a><img loading=\"lazy\" decoding=\"async\" class=\"alignnone size-full wp-image-293\" src=\"http:\/\/www.hv-gottwald.de\/HVG\/wp-content\/uploads\/2015\/06\/letter20x20.png\" alt=\"letter20x20\" width=\"20\" height=\"20\" \/><\/p>\n","protected":false},"excerpt":{"rendered":"<p>\u00a0 Wir m\u00f6chten uns gerne bei Ihnen vorstellen. Deshalb zeigen wir Ihnen hier einen \u00dcberblick \u00fcber die\u00a0Leistungen, auf die Sie bei uns vertrauen d\u00fcrfen: &nbsp; &nbsp; &nbsp; Allgemeine Verwaltung: Betreuung und Beratung der Wohnungseigent\u00fcmer Vorbereitung und Durchf\u00fchrung der Wohnungseigent\u00fcmerversammlung Abwicklung des gesamten Schriftverkehrs mit Beh\u00f6rden, Handwerkern, Versicherungen &nbsp; juristische Verwaltung: Abschluss der gemeinschaftlichen Vertr\u00e4ge inklusive Pr\u00fcfung hinsichtlich Kostenoptimierung Vertragsk\u00fcndigungen Einleitung [&#8230;]<\/p>\n","protected":false},"author":2,"featured_media":0,"parent":131,"menu_order":1,"comment_status":"closed","ping_status":"closed","template":"","meta":{"footnotes":""},"class_list":["post-51","page","type-page","status-publish","hentry"],"_links":{"self":[{"href":"https:\/\/www.hv-gottwald.de\/HVG\/wp-json\/wp\/v2\/pages\/51","targetHints":{"allow":["GET"]}}],"collection":[{"href":"https:\/\/www.hv-gottwald.de\/HVG\/wp-json\/wp\/v2\/pages"}],"about":[{"href":"https:\/\/www.hv-gottwald.de\/HVG\/wp-json\/wp\/v2\/types\/page"}],"author":[{"embeddable":true,"href":"https:\/\/www.hv-gottwald.de\/HVG\/wp-json\/wp\/v2\/users\/2"}],"replies":[{"embeddable":true,"href":"https:\/\/www.hv-gottwald.de\/HVG\/wp-json\/wp\/v2\/comments?post=51"}],"version-history":[{"count":22,"href":"https:\/\/www.hv-gottwald.de\/HVG\/wp-json\/wp\/v2\/pages\/51\/revisions"}],"predecessor-version":[{"id":326,"href":"https:\/\/www.hv-gottwald.de\/HVG\/wp-json\/wp\/v2\/pages\/51\/revisions\/326"}],"up":[{"embeddable":true,"href":"https:\/\/www.hv-gottwald.de\/HVG\/wp-json\/wp\/v2\/pages\/131"}],"wp:attachment":[{"href":"https:\/\/www.hv-gottwald.de\/HVG\/wp-json\/wp\/v2\/media?parent=51"}],"curies":[{"name":"wp","href":"https:\/\/api.w.org\/{rel}","templated":true}]}}