{"id":62,"date":"2015-05-03T22:28:58","date_gmt":"2015-05-03T20:28:58","guid":{"rendered":"http:\/\/www.hv-gottwald.de\/HVG\/?page_id=62"},"modified":"2015-06-22T09:19:43","modified_gmt":"2015-06-22T07:19:43","slug":"service","status":"publish","type":"page","link":"https:\/\/www.hv-gottwald.de\/HVG\/service\/","title":{"rendered":"Kundenservice"},"content":{"rendered":"<p>Auf den nachfolgenden Seiten unterst\u00fctzen wir unsere Kunden bei ihren aktuellen Anliegen.<\/p>\n<p>Damit wir Ihnen bereits eine passende Auswahl anbieten k\u00f6nnen, w\u00e4hlen Sie bitte aus.<\/p>\n<p>Sie sind:<\/p>\n<a class=\"maxbutton-1 maxbutton maxbutton-eigenumer\" href=\"http:\/\/www.hv-gottwald.de\/HVG\/service\/service-eigentuemer\/\"><span class='mb-text'>Eigent\u00fcmer<\/span><\/a>\n<a class=\"maxbutton-2 maxbutton maxbutton-mieter\" href=\"http:\/\/www.hv-gottwald.de\/HVG\/service\/service-mieter\/\"><span class='mb-text'>Mieter<\/span><\/a>\n","protected":false},"excerpt":{"rendered":"<p>Auf den nachfolgenden Seiten unterst\u00fctzen wir unsere Kunden bei ihren aktuellen Anliegen. Damit wir Ihnen bereits eine passende Auswahl anbieten k\u00f6nnen, w\u00e4hlen Sie bitte aus. Sie sind:<\/p>\n","protected":false},"author":2,"featured_media":0,"parent":0,"menu_order":2,"comment_status":"closed","ping_status":"closed","template":"","meta":{"footnotes":""},"class_list":["post-62","page","type-page","status-publish","hentry"],"_links":{"self":[{"href":"https:\/\/www.hv-gottwald.de\/HVG\/wp-json\/wp\/v2\/pages\/62","targetHints":{"allow":["GET"]}}],"collection":[{"href":"https:\/\/www.hv-gottwald.de\/HVG\/wp-json\/wp\/v2\/pages"}],"about":[{"href":"https:\/\/www.hv-gottwald.de\/HVG\/wp-json\/wp\/v2\/types\/page"}],"author":[{"embeddable":true,"href":"https:\/\/www.hv-gottwald.de\/HVG\/wp-json\/wp\/v2\/users\/2"}],"replies":[{"embeddable":true,"href":"https:\/\/www.hv-gottwald.de\/HVG\/wp-json\/wp\/v2\/comments?post=62"}],"version-history":[{"count":16,"href":"https:\/\/www.hv-gottwald.de\/HVG\/wp-json\/wp\/v2\/pages\/62\/revisions"}],"predecessor-version":[{"id":331,"href":"https:\/\/www.hv-gottwald.de\/HVG\/wp-json\/wp\/v2\/pages\/62\/revisions\/331"}],"wp:attachment":[{"href":"https:\/\/www.hv-gottwald.de\/HVG\/wp-json\/wp\/v2\/media?parent=62"}],"curies":[{"name":"wp","href":"https:\/\/api.w.org\/{rel}","templated":true}]}}