{"id":72,"date":"2015-05-03T22:59:40","date_gmt":"2015-05-03T20:59:40","guid":{"rendered":"http:\/\/www.hv-gottwald.de\/HVG\/?page_id=72"},"modified":"2025-08-21T10:05:31","modified_gmt":"2025-08-21T08:05:31","slug":"service-eigentuemer","status":"publish","type":"page","link":"https:\/\/www.hv-gottwald.de\/HVG\/service\/service-eigentuemer\/","title":{"rendered":"Service f\u00fcr Eigent\u00fcmer"},"content":{"rendered":"<p>Mit den nachfolgenden Formularen m\u00f6chten wir Ihnen die Mitteilung vielf\u00e4ltiger Informationen an uns erleichtern.<\/p>\n<p><span style=\"text-decoration: underline;\">Mieterwechsel:<\/span><br \/>\n<img loading=\"lazy\" decoding=\"async\" class=\"alignnone wp-image-289 size-full\" src=\"http:\/\/www.hv-gottwald.de\/HVG\/wp-content\/uploads\/2015\/05\/pdf20x20.png\" alt=\"pdf20x20\" width=\"20\" height=\"20\" \/>\u00a0<a href=\"http:\/\/www.hv-gottwald.de\/HVG\/wp-content\/uploads\/2015\/06\/Personenanzahl.pdf\" target=\"_blank\" rel=\"noopener noreferrer\">Personenanzahl<\/a><\/p>\n<p><img loading=\"lazy\" decoding=\"async\" class=\"alignnone wp-image-289 size-full\" src=\"http:\/\/www.hv-gottwald.de\/HVG\/wp-content\/uploads\/2015\/05\/pdf20x20.png\" alt=\"pdf20x20\" width=\"20\" height=\"20\" \/>\u00a0<a href=\"http:\/\/www.hv-gottwald.de\/HVG\/wp-content\/uploads\/2015\/06\/Mieterwechsel.pdf\" target=\"_blank\" rel=\"noopener noreferrer\">Mieterwechsel<\/a><\/p>\n<p><img loading=\"lazy\" decoding=\"async\" class=\"alignnone wp-image-289 size-full\" src=\"http:\/\/www.hv-gottwald.de\/HVG\/wp-content\/uploads\/2015\/05\/pdf20x20.png\" alt=\"pdf20x20\" width=\"20\" height=\"20\" \/> <a href=\"http:\/\/www.hv-gottwald.de\/HVG\/wp-content\/uploads\/2015\/06\/Zwischenablesung-Auftrag.pdf\" target=\"_blank\" rel=\"noopener noreferrer\">Zwischenablesung Auftrag<\/a><\/p>\n<p><span style=\"text-decoration: underline;\">Eigent\u00fcmerversammlung:<\/span><\/p>\n<p><img loading=\"lazy\" decoding=\"async\" class=\"alignnone wp-image-289 size-full\" src=\"http:\/\/www.hv-gottwald.de\/HVG\/wp-content\/uploads\/2015\/05\/pdf20x20.png\" alt=\"pdf20x20\" width=\"20\" height=\"20\" \/>\u00a0<a style=\"cursor: pointer !important; user-select: none !important;\" href=\"https:\/\/www.hv-gottwald.de\/HVG\/wp-content\/uploads\/2025\/08\/Vollmacht-ETV-ausfuellbar.pdf\" target=\"_blank\" rel=\"noopener\">Vollmacht f\u00fcr die Eigent\u00fcmerversammlung<\/a><\/p>\n<p><span style=\"text-decoration: underline;\">diverse Auftr\u00e4ge \/ Mitteilungen:<\/span><\/p>\n<p><img loading=\"lazy\" decoding=\"async\" class=\"alignnone wp-image-289 size-full\" src=\"http:\/\/www.hv-gottwald.de\/HVG\/wp-content\/uploads\/2015\/05\/pdf20x20.png\" alt=\"pdf20x20\" width=\"20\" height=\"20\" \/> <a href=\"https:\/\/www.hv-gottwald.de\/HVG\/wp-content\/uploads\/2019\/11\/Pr\u00fcfung-Rauchwarnmelder.pdf\">Rauchwarnmelder Pr\u00fcfprotokoll<\/a><\/p>\n<p><img loading=\"lazy\" decoding=\"async\" class=\"alignnone wp-image-289 size-full\" src=\"http:\/\/www.hv-gottwald.de\/HVG\/wp-content\/uploads\/2015\/05\/pdf20x20.png\" alt=\"pdf20x20\" width=\"20\" height=\"20\" \/> <a href=\"http:\/\/www.hv-gottwald.de\/HVG\/wp-content\/uploads\/2015\/06\/Schl\u00fcsselbestellung.pdf\" target=\"_blank\" rel=\"noopener noreferrer\">Schl\u00fcsselbestellung<\/a><\/p>\n<p><img loading=\"lazy\" decoding=\"async\" class=\"alignnone size-full wp-image-289\" src=\"http:\/\/www.hv-gottwald.de\/HVG\/wp-content\/uploads\/2015\/05\/pdf20x20.png\" alt=\"pdf20x20\" width=\"20\" height=\"20\" \/> <a href=\"http:\/\/www.hv-gottwald.de\/HVG\/wp-content\/uploads\/2015\/05\/SEPA-Lastschriftmandat.pdf\" target=\"_blank\" rel=\"noopener noreferrer\">SEPA Lastschriftmandat<\/a><\/p>\n","protected":false},"excerpt":{"rendered":"<p>Mit den nachfolgenden Formularen m\u00f6chten wir Ihnen die Mitteilung vielf\u00e4ltiger Informationen an uns erleichtern. Mieterwechsel: \u00a0Personenanzahl \u00a0Mieterwechsel Zwischenablesung Auftrag Eigent\u00fcmerversammlung: \u00a0Vollmacht f\u00fcr die Eigent\u00fcmerversammlung diverse Auftr\u00e4ge \/ Mitteilungen: Rauchwarnmelder Pr\u00fcfprotokoll Schl\u00fcsselbestellung SEPA Lastschriftmandat<\/p>\n","protected":false},"author":2,"featured_media":0,"parent":62,"menu_order":0,"comment_status":"closed","ping_status":"closed","template":"","meta":{"footnotes":""},"class_list":["post-72","page","type-page","status-publish","hentry"],"_links":{"self":[{"href":"https:\/\/www.hv-gottwald.de\/HVG\/wp-json\/wp\/v2\/pages\/72","targetHints":{"allow":["GET"]}}],"collection":[{"href":"https:\/\/www.hv-gottwald.de\/HVG\/wp-json\/wp\/v2\/pages"}],"about":[{"href":"https:\/\/www.hv-gottwald.de\/HVG\/wp-json\/wp\/v2\/types\/page"}],"author":[{"embeddable":true,"href":"https:\/\/www.hv-gottwald.de\/HVG\/wp-json\/wp\/v2\/users\/2"}],"replies":[{"embeddable":true,"href":"https:\/\/www.hv-gottwald.de\/HVG\/wp-json\/wp\/v2\/comments?post=72"}],"version-history":[{"count":26,"href":"https:\/\/www.hv-gottwald.de\/HVG\/wp-json\/wp\/v2\/pages\/72\/revisions"}],"predecessor-version":[{"id":638,"href":"https:\/\/www.hv-gottwald.de\/HVG\/wp-json\/wp\/v2\/pages\/72\/revisions\/638"}],"up":[{"embeddable":true,"href":"https:\/\/www.hv-gottwald.de\/HVG\/wp-json\/wp\/v2\/pages\/62"}],"wp:attachment":[{"href":"https:\/\/www.hv-gottwald.de\/HVG\/wp-json\/wp\/v2\/media?parent=72"}],"curies":[{"name":"wp","href":"https:\/\/api.w.org\/{rel}","templated":true}]}}